{"id":104,"date":"2016-09-08T14:59:23","date_gmt":"2016-09-08T12:59:23","guid":{"rendered":"http:\/\/www.speer-kaltbrunn.ch\/?page_id=104"},"modified":"2023-04-13T10:56:31","modified_gmt":"2023-04-13T08:56:31","slug":"lageplan","status":"publish","type":"page","link":"https:\/\/www.speer-kaltbrunn.ch\/index.php\/lageplan\/","title":{"rendered":"Lageplan \u00b7 Parkpl\u00e4tze"},"content":{"rendered":"\n<p class=\"has-medium-font-size\">Wir sind i<span style=\"font-size: 14pt;\">m Dorfzentrum vis \u00e0 vis der Kirche an der Dorfstr. 10.\u00a0<\/span><\/p>\n\n\n\n<p class=\"has-medium-font-size\"><span style=\"font-size: 14pt;\">Von Z\u00fcrich\/Chur, Autobahn A3 Ausfahrt Reichenburg-Benken, Richtung Benken. Der Benknerstrasse nach Kaltbrunn folgen.<\/span><\/p>\n\n\n\n<p class=\"has-medium-font-size\"><span style=\"font-size: 14pt;\">Zus\u00e4tzliche Aussen Parkpl\u00e4tze im R\u00f6ssliguet (Migros) \/ hinter der Kirche.\u00a0<\/span><\/p>\n\n\n\n<p><\/p>\n\n\n\n<h4 class=\"wp-block-heading\"><a href=\"https:\/\/www.google.ch\/maps\/place\/Restaurant+Speer+Bruno+Hinder\/@47.2132612,9.0227863,16.79z\/data=!4m5!3m4!1s0x0:0x995bcdfab31ffb1b!8m2!3d47.2134755!4d9.0253886\" target=\"_blank\" rel=\"noopener noreferrer\"><img loading=\"lazy\" decoding=\"async\" class=\"alignnone wp-image-141 size-full\" src=\"http:\/\/www.speer-kaltbrunn.ch\/wp-content\/uploads\/2016\/09\/lageplan.jpg\" alt=\"lageplan\" width=\"480\" height=\"320\" srcset=\"https:\/\/www.speer-kaltbrunn.ch\/wp-content\/uploads\/2016\/09\/lageplan.jpg 480w, https:\/\/www.speer-kaltbrunn.ch\/wp-content\/uploads\/2016\/09\/lageplan-300x200.jpg 300w, https:\/\/www.speer-kaltbrunn.ch\/wp-content\/uploads\/2016\/09\/lageplan-444x296.jpg 444w\" sizes=\"auto, (max-width: 480px) 100vw, 480px\" \/><\/a><\/h4>\n","protected":false},"excerpt":{"rendered":"<p>Wir sind im Dorfzentrum vis \u00e0 vis der Kirche an der Dorfstr. 10.\u00a0 Von Z\u00fcrich\/Chur, Autobahn A3 Ausfahrt Reichenburg-Benken, Richtung Benken. Der Benknerstrasse nach Kaltbrunn folgen. Zus\u00e4tzliche Aussen Parkpl\u00e4tze im R\u00f6ssliguet (Migros) \/ hinter der Kirche.\u00a0<\/p>\n","protected":false},"author":1,"featured_media":0,"parent":0,"menu_order":6,"comment_status":"closed","ping_status":"closed","template":"","meta":{"footnotes":""},"class_list":["post-104","page","type-page","status-publish","hentry"],"jetpack_sharing_enabled":true,"_links":{"self":[{"href":"https:\/\/www.speer-kaltbrunn.ch\/index.php\/wp-json\/wp\/v2\/pages\/104","targetHints":{"allow":["GET"]}}],"collection":[{"href":"https:\/\/www.speer-kaltbrunn.ch\/index.php\/wp-json\/wp\/v2\/pages"}],"about":[{"href":"https:\/\/www.speer-kaltbrunn.ch\/index.php\/wp-json\/wp\/v2\/types\/page"}],"author":[{"embeddable":true,"href":"https:\/\/www.speer-kaltbrunn.ch\/index.php\/wp-json\/wp\/v2\/users\/1"}],"replies":[{"embeddable":true,"href":"https:\/\/www.speer-kaltbrunn.ch\/index.php\/wp-json\/wp\/v2\/comments?post=104"}],"version-history":[{"count":10,"href":"https:\/\/www.speer-kaltbrunn.ch\/index.php\/wp-json\/wp\/v2\/pages\/104\/revisions"}],"predecessor-version":[{"id":3165,"href":"https:\/\/www.speer-kaltbrunn.ch\/index.php\/wp-json\/wp\/v2\/pages\/104\/revisions\/3165"}],"wp:attachment":[{"href":"https:\/\/www.speer-kaltbrunn.ch\/index.php\/wp-json\/wp\/v2\/media?parent=104"}],"curies":[{"name":"wp","href":"https:\/\/api.w.org\/{rel}","templated":true}]}}