{"id":16,"date":"2016-09-05T10:59:39","date_gmt":"2016-09-05T08:59:39","guid":{"rendered":"http:\/\/www.speer-kaltbrunn.ch\/?page_id=16"},"modified":"2025-10-15T21:59:19","modified_gmt":"2025-10-15T19:59:19","slug":"restaurant-2","status":"publish","type":"page","link":"https:\/\/www.speer-kaltbrunn.ch\/index.php\/restaurant-2\/","title":{"rendered":"R\u00e4umlichkeiten"},"content":{"rendered":"\n<p>Familienfeiern, Hochzeiten, Gesch\u00e4ftsessen oder Feste aller Art, wir haben den passenden Raum f\u00fcr Sie.&nbsp;Das Restaurant und der Saal sind rollstuhlg\u00e4ngig.<\/p>\n\n\n\n<ul class=\"wp-block-list\">\n<li>Unterteilbarer Saal:&nbsp; Ganzer Saal 100 Personen \/ Saal hinten 30-35 Personen \/ Saal vorne 30 Personen<\/li>\n\n\n\n<li>Saal und Restaurant in Kombination bis 140 Personen<\/li>\n\n\n\n<li>Restaurant: ca. 45 Pl\u00e4tze<\/li>\n\n\n\n<li>Gartenterrasse<\/li>\n<\/ul>\n\n\n\n<h4 class=\"wp-block-heading\">Kegelbahn<\/h4>\n\n\n\n<ul class=\"wp-block-list\">\n<li>2 vollautomatische Kegelbahnen mit St\u00fcbli: 25 Pl\u00e4tze<\/li>\n\n\n\n<li>27.&#8211; pro Stunde<\/li>\n\n\n\n<li>Das gem\u00fctliche St\u00fcbli wird bedient und ist auch f\u00fcr kleinere Veranstaltungen geeignet<\/li>\n<\/ul>\n\n\n\n<h4 class=\"wp-block-heading\">Meetings<\/h4>\n\n\n\n<ul class=\"wp-block-list\">\n<li>Gerne k\u00f6nnen Sie den Saal hinten bzw. vorne f\u00fcr Ihr Meeting reservieren<\/li>\n\n\n\n<li>Beamer muss eigenh\u00e4ndig organisiert werden (Leinwand, Mikrophon vor Ort vorhanden)<\/li>\n<\/ul>\n\n\n\n<figure class=\"wp-block-gallery has-nested-images columns-default is-cropped wp-block-gallery-1 is-layout-flex wp-block-gallery-is-layout-flex\">\n<figure class=\"wp-block-image size-large\"><img loading=\"lazy\" decoding=\"async\" width=\"1024\" height=\"768\" data-id=\"886\" src=\"https:\/\/www.speer-kaltbrunn.ch\/wp-content\/uploads\/2018\/06\/image4.jpeg-rest.-1-1024x768.jpeg\" alt=\"\" class=\"wp-image-886\" srcset=\"https:\/\/www.speer-kaltbrunn.ch\/wp-content\/uploads\/2018\/06\/image4.jpeg-rest.-1-1024x768.jpeg 1024w, https:\/\/www.speer-kaltbrunn.ch\/wp-content\/uploads\/2018\/06\/image4.jpeg-rest.-1-300x225.jpeg 300w, https:\/\/www.speer-kaltbrunn.ch\/wp-content\/uploads\/2018\/06\/image4.jpeg-rest.-1-768x576.jpeg 768w\" sizes=\"auto, (max-width: 1024px) 100vw, 1024px\" \/><\/figure>\n\n\n\n<figure class=\"wp-block-image size-large\"><img loading=\"lazy\" decoding=\"async\" width=\"791\" height=\"1024\" data-id=\"885\" src=\"https:\/\/www.speer-kaltbrunn.ch\/wp-content\/uploads\/2018\/06\/image1.jpeg-rest.-791x1024.jpeg\" alt=\"\" class=\"wp-image-885\" srcset=\"https:\/\/www.speer-kaltbrunn.ch\/wp-content\/uploads\/2018\/06\/image1.jpeg-rest.-791x1024.jpeg 791w, https:\/\/www.speer-kaltbrunn.ch\/wp-content\/uploads\/2018\/06\/image1.jpeg-rest.-232x300.jpeg 232w, https:\/\/www.speer-kaltbrunn.ch\/wp-content\/uploads\/2018\/06\/image1.jpeg-rest.-768x994.jpeg 768w\" sizes=\"auto, (max-width: 791px) 100vw, 791px\" \/><\/figure>\n\n\n\n<figure class=\"wp-block-image size-large\"><img loading=\"lazy\" decoding=\"async\" width=\"1024\" height=\"576\" data-id=\"861\" src=\"https:\/\/www.speer-kaltbrunn.ch\/wp-content\/uploads\/2018\/05\/UIXC4154-1024x576.jpg\" alt=\"\" class=\"wp-image-861\" srcset=\"https:\/\/www.speer-kaltbrunn.ch\/wp-content\/uploads\/2018\/05\/UIXC4154-1024x576.jpg 1024w, https:\/\/www.speer-kaltbrunn.ch\/wp-content\/uploads\/2018\/05\/UIXC4154-300x169.jpg 300w, https:\/\/www.speer-kaltbrunn.ch\/wp-content\/uploads\/2018\/05\/UIXC4154-768x432.jpg 768w, https:\/\/www.speer-kaltbrunn.ch\/wp-content\/uploads\/2018\/05\/UIXC4154.jpg 1600w\" sizes=\"auto, (max-width: 1024px) 100vw, 1024px\" \/><\/figure>\n\n\n\n<figure class=\"wp-block-image size-large\"><img loading=\"lazy\" decoding=\"async\" width=\"373\" height=\"280\" data-id=\"858\" src=\"https:\/\/www.speer-kaltbrunn.ch\/wp-content\/uploads\/2018\/05\/31946873_10214691650436133_1433897887154044928_n.jpg\" alt=\"\" class=\"wp-image-858\" srcset=\"https:\/\/www.speer-kaltbrunn.ch\/wp-content\/uploads\/2018\/05\/31946873_10214691650436133_1433897887154044928_n.jpg 373w, https:\/\/www.speer-kaltbrunn.ch\/wp-content\/uploads\/2018\/05\/31946873_10214691650436133_1433897887154044928_n-300x225.jpg 300w\" sizes=\"auto, (max-width: 373px) 100vw, 373px\" \/><\/figure>\n\n\n\n<figure class=\"wp-block-image size-large\"><img loading=\"lazy\" decoding=\"async\" width=\"373\" height=\"280\" data-id=\"859\" src=\"https:\/\/www.speer-kaltbrunn.ch\/wp-content\/uploads\/2018\/05\/31952625_10214691654196227_4339220843721654272_n.jpg\" alt=\"\" class=\"wp-image-859\" srcset=\"https:\/\/www.speer-kaltbrunn.ch\/wp-content\/uploads\/2018\/05\/31952625_10214691654196227_4339220843721654272_n.jpg 373w, https:\/\/www.speer-kaltbrunn.ch\/wp-content\/uploads\/2018\/05\/31952625_10214691654196227_4339220843721654272_n-300x225.jpg 300w\" sizes=\"auto, (max-width: 373px) 100vw, 373px\" \/><\/figure>\n<\/figure>\n\n\n\n<div style=\"float: left;\">&nbsp;<\/div>\n\n\n\n<div style=\"clear: both;\">\u00a0\u00a0\u00a0\u00a0\u00a0\u00a0\u00a0\u00a0\u00a0\u00a0\u00a0\u00a0\u00a0\u00a0\u00a0 \u00a0 \u00a0 \u00a0 \u00a0 \u00a0 \u00a0 \u00a0 \u00a0 \u00a0 \u00a0 \u00a0 \u00a0 \u00a0\u00a0 \u00a0\u00a0\u00a0\u00a0 <br \/>\n<p>\u00a0<\/p>\n<div class=\"media-toolbar-secondary\">\n<div class=\"view-switch media-grid-view-switch\"><a class=\"view-list\" href=\"http:\/\/www.speer-kaltbrunn.ch\/wp-admin\/upload.php?mode=list\"> <span class=\"screen-reader-text\">Listenansicht<\/span> <\/a> <a class=\"view-grid current\" href=\"http:\/\/www.speer-kaltbrunn.ch\/wp-admin\/upload.php?mode=grid\"> <span class=\"screen-reader-text\">Rasteransicht<\/span> <\/a><\/div>\n<p><label class=\"screen-reader-text\" for=\"media-attachment-filters\">Nach Typ filtern<\/label><\/p>\n<\/div>\n<p><label class=\"screen-reader-text\" for=\"media-attachment-date-filters\">Nach Datum filtern<\/label><\/p>\n<div class=\"media-toolbar wp-filter\">\n<div class=\"media-toolbar-secondary\">\u00a0<\/div>\n<div class=\"media-toolbar-primary search-form\"><label class=\"screen-reader-text\" for=\"media-search-input\">Medien suchen<\/label><input id=\"media-search-input\" class=\"search\" type=\"search\" placeholder=\"Medien suchen\u00a0\u2026\" \/><\/div>\n<\/div>\n<ul id=\"__attachments-view-42\" class=\"attachments ui-sortable ui-sortable-disabled\" tabindex=\"-1\"><\/ul>\n<\/div>\n","protected":false},"excerpt":{"rendered":"<p>Familienfeiern, Hochzeiten, Gesch\u00e4ftsessen oder Feste aller Art, wir haben den passenden Raum f\u00fcr Sie.&nbsp;Das Restaurant und der Saal sind rollstuhlg\u00e4ngig. Kegelbahn Meetings &nbsp; \u00a0\u00a0\u00a0\u00a0\u00a0\u00a0\u00a0\u00a0\u00a0\u00a0\u00a0\u00a0\u00a0\u00a0\u00a0 \u00a0 \u00a0 \u00a0 \u00a0 \u00a0 \u00a0 \u00a0 \u00a0 \u00a0 \u00a0 \u00a0 \u00a0 \u00a0\u00a0 \u00a0\u00a0\u00a0\u00a0 \u00a0 Listenansicht Rasteransicht Nach Typ filtern Nach Datum filtern \u00a0 Medien suchen<\/p>\n","protected":false},"author":1,"featured_media":0,"parent":0,"menu_order":2,"comment_status":"closed","ping_status":"closed","template":"","meta":{"footnotes":""},"class_list":["post-16","page","type-page","status-publish","hentry"],"jetpack_sharing_enabled":true,"_links":{"self":[{"href":"https:\/\/www.speer-kaltbrunn.ch\/index.php\/wp-json\/wp\/v2\/pages\/16","targetHints":{"allow":["GET"]}}],"collection":[{"href":"https:\/\/www.speer-kaltbrunn.ch\/index.php\/wp-json\/wp\/v2\/pages"}],"about":[{"href":"https:\/\/www.speer-kaltbrunn.ch\/index.php\/wp-json\/wp\/v2\/types\/page"}],"author":[{"embeddable":true,"href":"https:\/\/www.speer-kaltbrunn.ch\/index.php\/wp-json\/wp\/v2\/users\/1"}],"replies":[{"embeddable":true,"href":"https:\/\/www.speer-kaltbrunn.ch\/index.php\/wp-json\/wp\/v2\/comments?post=16"}],"version-history":[{"count":32,"href":"https:\/\/www.speer-kaltbrunn.ch\/index.php\/wp-json\/wp\/v2\/pages\/16\/revisions"}],"predecessor-version":[{"id":4424,"href":"https:\/\/www.speer-kaltbrunn.ch\/index.php\/wp-json\/wp\/v2\/pages\/16\/revisions\/4424"}],"wp:attachment":[{"href":"https:\/\/www.speer-kaltbrunn.ch\/index.php\/wp-json\/wp\/v2\/media?parent=16"}],"curies":[{"name":"wp","href":"https:\/\/api.w.org\/{rel}","templated":true}]}}