{"id":18,"date":"2016-09-05T10:59:55","date_gmt":"2016-09-05T08:59:55","guid":{"rendered":"http:\/\/www.speer-kaltbrunn.ch\/?page_id=18"},"modified":"2024-11-28T11:08:22","modified_gmt":"2024-11-28T10:08:22","slug":"kegelbahn","status":"publish","type":"page","link":"https:\/\/www.speer-kaltbrunn.ch\/index.php\/kegelbahn\/","title":{"rendered":"Kegelbahn"},"content":{"rendered":"<p>In unserem Restaurant befinden sich 2 vollautomatische Kegelbahnen mit gem\u00fctlichem St\u00fcbli (bis 30 Personen). Im September\/Oktober findet das allj\u00e4hrliche Firmen-, Vereins- und Gruppenkegeln statt. (<a href=\"https:\/\/www.speer-kaltbrunn.ch\/wp-content\/uploads\/2023\/08\/Firmenkegeln-Rest.-Speer-2023.pdf\" target=\"_blank\" rel=\"noopener noreferrer\">Anmeldeformular<\/a>)<\/p>\n<p><strong>Preise pro Bahn<\/strong><br \/>\n30 Minuten \u00e0 Fr. 15.00<br \/>\n60 Minuten \u00e0 Fr. 27.00<\/p>\n","protected":false},"excerpt":{"rendered":"<p>In unserem Restaurant befinden sich 2 vollautomatische Kegelbahnen mit gem\u00fctlichem St\u00fcbli (bis 30 Personen). Im September\/Oktober findet das allj\u00e4hrliche Firmen-, Vereins- und Gruppenkegeln statt. (Anmeldeformular) Preise pro Bahn 30 Minuten \u00e0 Fr. 15.00 60 Minuten \u00e0 Fr. 27.00<\/p>\n","protected":false},"author":1,"featured_media":0,"parent":0,"menu_order":3,"comment_status":"closed","ping_status":"closed","template":"","meta":{"footnotes":""},"class_list":["post-18","page","type-page","status-publish","hentry"],"jetpack_sharing_enabled":true,"_links":{"self":[{"href":"https:\/\/www.speer-kaltbrunn.ch\/index.php\/wp-json\/wp\/v2\/pages\/18","targetHints":{"allow":["GET"]}}],"collection":[{"href":"https:\/\/www.speer-kaltbrunn.ch\/index.php\/wp-json\/wp\/v2\/pages"}],"about":[{"href":"https:\/\/www.speer-kaltbrunn.ch\/index.php\/wp-json\/wp\/v2\/types\/page"}],"author":[{"embeddable":true,"href":"https:\/\/www.speer-kaltbrunn.ch\/index.php\/wp-json\/wp\/v2\/users\/1"}],"replies":[{"embeddable":true,"href":"https:\/\/www.speer-kaltbrunn.ch\/index.php\/wp-json\/wp\/v2\/comments?post=18"}],"version-history":[{"count":14,"href":"https:\/\/www.speer-kaltbrunn.ch\/index.php\/wp-json\/wp\/v2\/pages\/18\/revisions"}],"predecessor-version":[{"id":4072,"href":"https:\/\/www.speer-kaltbrunn.ch\/index.php\/wp-json\/wp\/v2\/pages\/18\/revisions\/4072"}],"wp:attachment":[{"href":"https:\/\/www.speer-kaltbrunn.ch\/index.php\/wp-json\/wp\/v2\/media?parent=18"}],"curies":[{"name":"wp","href":"https:\/\/api.w.org\/{rel}","templated":true}]}}