{"id":2,"date":"2016-09-02T14:10:39","date_gmt":"2016-09-02T12:10:39","guid":{"rendered":"http:\/\/www.speer-kaltbrunn.ch\/?page_id=2"},"modified":"2026-04-13T08:38:35","modified_gmt":"2026-04-13T06:38:35","slug":"speer","status":"publish","type":"page","link":"https:\/\/www.speer-kaltbrunn.ch\/","title":{"rendered":"Home"},"content":{"rendered":"\n<h2 class=\"wp-block-heading\"><span style=\"color: #800000;\"><strong>Seit drei Generationen echte Gastfreundschaft<\/strong><\/span><\/h2>\n\n\n\n<p class=\"has-medium-font-size\">Lassen Sie sich bei uns kulinarisch verw\u00f6hnen. Unsere Gerichte werden jeden Tag marktfrisch zubereitet. Wir legen besonderen Wert auf eine saisonale K\u00fcche und die Verwendung frischer Produkte. Ausserdem bieten wir eine Tageskarte mit sieben&nbsp;t\u00e4glich wechselnden Tagesmenus an.<\/p>\n\n\n\n<p class=\"has-medium-font-size\">F\u00fcr ein bisschen Sport vor oder&nbsp;nach dem Essen stehen unsere beiden Kegelbahnen zur Verf\u00fcgung.<\/p>\n\n\n\n<p class=\"has-medium-font-size\">Wir freuen uns auf Ihren Besuch!<\/p>\n\n\n\n<hr class=\"wp-block-separator has-alpha-channel-opacity\"\/>\n\n\n\n<h1 style=\"text-align: center;\"><span style=\"font-family: 'arial black', sans-serif; color: #800000;\"><strong><span style=\"font-size: 36pt;\"><span style=\"font-family: verdana, geneva, sans-serif;\">AKTUELL<\/span><\/span><\/strong><\/span><\/h1>\n<p style=\"text-align: center;\">hier unsere <span style=\"color: #800000;\"><a style=\"color: #800000;\" href=\"https:\/\/www.speer-kaltbrunn.ch\/wp-content\/uploads\/2026\/03\/Spargelkarte-2026.pdf\"><strong>Monats Empfehlungen<\/strong><\/a><\/span><\/p>\n\n\n\n<hr class=\"wp-block-separator has-alpha-channel-opacity\"\/>\n\n\n\n\n\n<p style=\"text-align: center;\"><strong><span style=\"font-family: verdana, geneva, sans-serif; color: #800000; font-size: 24pt;\">TAKE AWAY<\/span><\/strong><\/p>\n<p class=\"has-text-align-center has-medium-font-size\"><span style=\"font-family: verdana, geneva, sans-serif; font-size: 14pt;\">Finden Sie <span style=\"color: #800000;\"><a style=\"color: #800000;\" href=\"https:\/\/www.speer-kaltbrunn.ch\/wp-content\/uploads\/2026\/04\/Take-away.pdf\">hier<\/a><\/span> unser aktuelles Wochenangebot.<\/span><\/p>\n<p style=\"text-align: center;\"><span style=\"font-size: 14pt; font-family: verdana, geneva, sans-serif;\"><span style=\"color: #000000;\">Vorbestellung unter 055 283 13 06 oder vor Ort ab 11.15 Uhr<\/span>.<\/span><\/p>\n\n\n\n<hr class=\"wp-block-separator has-alpha-channel-opacity\"\/>\n\n\n\n<p style=\"text-align: center;\"><br \/><span style=\"font-size: 36pt; font-family: verdana, geneva, sans-serif;\"><strong><span style=\"color: #800000;\">Jobs<\/span><\/strong><\/span><\/p>\n<p style=\"text-align: center;\"><span style=\"font-family: verdana, geneva, sans-serif;\"><strong>Aktuell gesucht:<\/strong><\/span><\/p>\n<p style=\"text-align: center;\"><span style=\"font-family: verdana, geneva, sans-serif;\"><strong>&#8211; Koch 100%<\/strong><\/span><\/p>\n<p style=\"text-align: center;\"><span style=\"color: #800000; font-size: 14pt; font-family: verdana, geneva, sans-serif;\"><a style=\"color: #800000;\" href=\"https:\/\/www.speer-kaltbrunn.ch\/wp-content\/uploads\/2026\/01\/Koch-60-100.png\"><strong>Job anzeigen<\/strong><\/a><\/span><\/p>\n<p style=\"text-align: center;\">\u00a0<\/p>\n\n\n\n<hr class=\"wp-block-separator has-alpha-channel-opacity\"\/>\n\n\n\n\n\n<h5>\u00a0<\/h5>\n","protected":false},"excerpt":{"rendered":"<p>Seit drei Generationen echte Gastfreundschaft Lassen Sie sich bei uns kulinarisch verw\u00f6hnen. Unsere Gerichte werden jeden Tag marktfrisch zubereitet. Wir legen besonderen Wert auf eine saisonale K\u00fcche und die Verwendung frischer Produkte. Ausserdem bieten wir eine Tageskarte mit sieben&nbsp;t\u00e4glich wechselnden Tagesmenus an. F\u00fcr ein bisschen Sport vor oder&nbsp;nach dem Essen stehen unsere beiden Kegelbahnen zur <a class=\"read-more\" href=\"https:\/\/www.speer-kaltbrunn.ch\/\">Read More<\/a><\/p>\n","protected":false},"author":1,"featured_media":36,"parent":0,"menu_order":0,"comment_status":"closed","ping_status":"open","template":"","meta":{"footnotes":""},"class_list":["post-2","page","type-page","status-publish","has-post-thumbnail","hentry"],"jetpack_sharing_enabled":true,"_links":{"self":[{"href":"https:\/\/www.speer-kaltbrunn.ch\/index.php\/wp-json\/wp\/v2\/pages\/2","targetHints":{"allow":["GET"]}}],"collection":[{"href":"https:\/\/www.speer-kaltbrunn.ch\/index.php\/wp-json\/wp\/v2\/pages"}],"about":[{"href":"https:\/\/www.speer-kaltbrunn.ch\/index.php\/wp-json\/wp\/v2\/types\/page"}],"author":[{"embeddable":true,"href":"https:\/\/www.speer-kaltbrunn.ch\/index.php\/wp-json\/wp\/v2\/users\/1"}],"replies":[{"embeddable":true,"href":"https:\/\/www.speer-kaltbrunn.ch\/index.php\/wp-json\/wp\/v2\/comments?post=2"}],"version-history":[{"count":1803,"href":"https:\/\/www.speer-kaltbrunn.ch\/index.php\/wp-json\/wp\/v2\/pages\/2\/revisions"}],"predecessor-version":[{"id":4602,"href":"https:\/\/www.speer-kaltbrunn.ch\/index.php\/wp-json\/wp\/v2\/pages\/2\/revisions\/4602"}],"wp:featuredmedia":[{"embeddable":true,"href":"https:\/\/www.speer-kaltbrunn.ch\/index.php\/wp-json\/wp\/v2\/media\/36"}],"wp:attachment":[{"href":"https:\/\/www.speer-kaltbrunn.ch\/index.php\/wp-json\/wp\/v2\/media?parent=2"}],"curies":[{"name":"wp","href":"https:\/\/api.w.org\/{rel}","templated":true}]}}