{"id":20,"date":"2016-09-05T11:00:07","date_gmt":"2016-09-05T09:00:07","guid":{"rendered":"http:\/\/www.speer-kaltbrunn.ch\/?page_id=20"},"modified":"2021-05-02T17:24:27","modified_gmt":"2021-05-02T15:24:27","slug":"kontakt","status":"publish","type":"page","link":"https:\/\/www.speer-kaltbrunn.ch\/index.php\/kontakt\/","title":{"rendered":"Kontakt"},"content":{"rendered":"<p><img loading=\"lazy\" decoding=\"async\" class=\"wp-image-301 size-full alignright\" src=\"http:\/\/www.speer-kaltbrunn.ch\/wp-content\/uploads\/2016\/09\/IMG_0295-e1502354970567.jpg\" alt=\"\" width=\"200\" height=\"133\" \/><span style=\"font-size: 14pt;\"><strong>Seit\u00a0 drei Generationen echte Gastfreundschaft<\/strong><\/span><\/p>\n<p><span style=\"font-size: 14pt;\">F\u00fcr Anfragen und Ausk\u00fcnfte sind wir gerne f\u00fcr Sie da und freuen uns mit unserem Speer Team zusammen, Sie kulinarisch verw\u00f6hnen zu d\u00fcrfen.<\/span><\/p>\n<p><span style=\"font-size: 14pt;\">Bruno, Susan und Olivia Hinder<\/span><\/p>\n<h3>Kontaktformular<\/h3>\n\n<div class=\"wpcf7 no-js\" id=\"wpcf7-f98-o1\" lang=\"de-DE\" dir=\"ltr\" data-wpcf7-id=\"98\">\n<div class=\"screen-reader-response\"><p role=\"status\" aria-live=\"polite\" aria-atomic=\"true\"><\/p> <ul><\/ul><\/div>\n<form action=\"\/index.php\/wp-json\/wp\/v2\/pages\/20#wpcf7-f98-o1\" method=\"post\" class=\"wpcf7-form init\" aria-label=\"Kontaktformular\" novalidate=\"novalidate\" data-status=\"init\">\n<fieldset class=\"hidden-fields-container\"><input type=\"hidden\" name=\"_wpcf7\" value=\"98\" \/><input type=\"hidden\" name=\"_wpcf7_version\" value=\"6.1.5\" \/><input type=\"hidden\" name=\"_wpcf7_locale\" value=\"de_DE\" \/><input type=\"hidden\" name=\"_wpcf7_unit_tag\" value=\"wpcf7-f98-o1\" \/><input type=\"hidden\" name=\"_wpcf7_container_post\" value=\"0\" \/><input type=\"hidden\" name=\"_wpcf7_posted_data_hash\" value=\"\" \/>\n<\/fieldset>\n<p><span class=\"wpcf7-form-control-wrap\" data-name=\"Was\"><select class=\"wpcf7-form-control wpcf7-select\" id=\"Reservationsanfrage\" aria-invalid=\"false\" name=\"Was\"><option value=\"Reservationsanfrage\">Reservationsanfrage<\/option><option value=\"Mitteilung\">Mitteilung<\/option><option value=\"Anderes\">Anderes<\/option><\/select><\/span>\n<\/p>\n<p> Anzahl Personen<br \/>\n<span class=\"wpcf7-form-control-wrap\" data-name=\"anzahl\"><input size=\"10\" maxlength=\"4\" class=\"wpcf7-form-control wpcf7-text\" aria-invalid=\"false\" value=\"\" type=\"text\" name=\"anzahl\" \/><\/span>\n<\/p>\n<p> Datum<br \/>\n<span class=\"wpcf7-form-control-wrap\" data-name=\"Tag\"><select class=\"wpcf7-form-control wpcf7-select\" id=\"Tag\" aria-invalid=\"false\" name=\"Tag\"><option value=\"1.\">1.<\/option><option value=\"2.\">2.<\/option><option value=\"3.\">3.<\/option><option value=\"4.\">4.<\/option><option value=\"5.\">5.<\/option><option value=\"6.\">6.<\/option><option value=\"7.\">7.<\/option><option value=\"8.\">8.<\/option><option value=\"9.\">9.<\/option><option value=\"10.\">10.<\/option><option value=\"11.\">11.<\/option><option value=\"12.\">12.<\/option><option value=\"13.\">13.<\/option><option value=\"14.\">14.<\/option><option value=\"15.\">15.<\/option><option value=\"16.\">16.<\/option><option value=\"17.\">17.<\/option><option value=\"18.\">18.<\/option><option value=\"19.\">19.<\/option><option value=\"20.\">20.<\/option><option value=\"21.\">21.<\/option><option value=\"22.\">22.<\/option><option value=\"23.\">23.<\/option><option value=\"24.\">24.<\/option><option value=\"25.\">25.<\/option><option value=\"26.\">26.<\/option><option value=\"27.\">27.<\/option><option value=\"28.\">28.<\/option><option value=\"29.\">29.<\/option><option value=\"30.\">30.<\/option><option value=\"31.\">31.<\/option><\/select><\/span><span class=\"wpcf7-form-control-wrap\" data-name=\"Monat\"><select class=\"wpcf7-form-control wpcf7-select\" id=\"Monat\" aria-invalid=\"false\" name=\"Monat\"><option value=\"Januar\">Januar<\/option><option value=\"Februar\">Februar<\/option><option value=\"M\u00e4rz\">M\u00e4rz<\/option><option value=\"April\">April<\/option><option value=\"Mai\">Mai<\/option><option value=\"Juni\">Juni<\/option><option value=\"Juli\">Juli<\/option><option value=\"August\">August<\/option><option value=\"September\">September<\/option><option value=\"Oktober\">Oktober<\/option><option value=\"November\">November<\/option><option value=\"Dezember\">Dezember<\/option><\/select><\/span><span class=\"wpcf7-form-control-wrap\" data-name=\"Jahr\"><select class=\"wpcf7-form-control wpcf7-select\" id=\"Jahr\" aria-invalid=\"false\" name=\"Jahr\"><option value=\"2023\">2023<\/option><option value=\"2024\">2024<\/option><option value=\"2025\">2025<\/option><option value=\"2026\">2026<\/option><\/select><\/span>\n<\/p>\n<p>Zeit<br \/>\n<span class=\"wpcf7-form-control-wrap\" data-name=\"Zeit\"><input size=\"10\" maxlength=\"10\" class=\"wpcf7-form-control wpcf7-text\" id=\"zeit\" aria-invalid=\"false\" value=\"\" type=\"text\" name=\"Zeit\" \/><\/span>\n<\/p>\n<p><label> Mitteilung<br \/>\n<span class=\"wpcf7-form-control-wrap\" data-name=\"your-message\"><textarea cols=\"25\" rows=\"5\" maxlength=\"2000\" class=\"wpcf7-form-control wpcf7-textarea\" aria-invalid=\"false\" name=\"your-message\"><\/textarea><\/span> <\/label>\n<\/p>\n<p> Name (Pflichtfeld)<br \/>\n<span class=\"wpcf7-form-control-wrap\" data-name=\"your-name\"><input size=\"40\" maxlength=\"30\" class=\"wpcf7-form-control wpcf7-text wpcf7-validates-as-required\" aria-required=\"true\" aria-invalid=\"false\" value=\"\" type=\"text\" name=\"your-name\" \/><\/span>\n<\/p>\n<p>Vorname (Pflichtfeld)<br \/>\n<span class=\"wpcf7-form-control-wrap\" data-name=\"your-vorname\"><input size=\"40\" maxlength=\"30\" class=\"wpcf7-form-control wpcf7-text wpcf7-validates-as-required\" aria-required=\"true\" aria-invalid=\"false\" value=\"\" type=\"text\" name=\"your-vorname\" \/><\/span>\n<\/p>\n<p> Telefon Privat<br \/>\n<span class=\"wpcf7-form-control-wrap\" data-name=\"your-telefonp\"><input size=\"40\" maxlength=\"30\" class=\"wpcf7-form-control wpcf7-text\" aria-invalid=\"false\" value=\"\" type=\"text\" name=\"your-telefonp\" \/><\/span>\n<\/p>\n<p>Telefon Gesch\u00e4ft<br \/>\n<span class=\"wpcf7-form-control-wrap\" data-name=\"your-telefong\"><input size=\"40\" maxlength=\"30\" class=\"wpcf7-form-control wpcf7-text\" aria-invalid=\"false\" value=\"\" type=\"text\" name=\"your-telefong\" \/><\/span>\n<\/p>\n<p>Mobile<br \/>\n<span class=\"wpcf7-form-control-wrap\" data-name=\"your-mobile\"><input size=\"40\" maxlength=\"30\" class=\"wpcf7-form-control wpcf7-text\" aria-invalid=\"false\" value=\"\" type=\"text\" name=\"your-mobile\" \/><\/span>\n<\/p>\n<p><label> Ihre E-Mail-Adresse (Pflichtfeld)<br \/>\n<span class=\"wpcf7-form-control-wrap\" data-name=\"your-email\"><input size=\"40\" maxlength=\"40\" class=\"wpcf7-form-control wpcf7-email wpcf7-validates-as-required wpcf7-text wpcf7-validates-as-email\" aria-required=\"true\" aria-invalid=\"false\" value=\"\" type=\"email\" name=\"your-email\" \/><\/span> <\/label>\n<\/p>\n<p><span class=\"wpcf7-form-control-wrap kc_captcha\" data-name=\"kc_captcha\"><span class=\"wpcf7-form-control wpcf7-radio\"><span class=\"captcha-image\" ><span class=\"cf7ic_instructions\">Bitte beweise, dass du kein Spambot bist und w\u00e4hle das Symbol<span> Stern<\/span>.<\/span><label><input aria-label=\"1\" type=\"radio\" name=\"kc_captcha\" value=\"bot\" \/><svg aria-hidden=\"true\" role=\"img\" xmlns=\"http:\/\/www.w3.org\/2000\/svg\" viewBox=\"0 0 576 512\"><path fill=\"currentColor\" d=\"M415 24c-53 0-103 42-127 65-24-23-74-65-127-65C70 24 16 77 16 166c0 72 67 133 69 135l187 181c9 8 23 8 32 0l187-180c2-3 69-64 69-136 0-89-54-142-145-142z\"\/><\/svg><\/label><label><input aria-label=\"2\" type=\"radio\" name=\"kc_captcha\" value=\"kc_human\" \/><svg aria-hidden=\"true\" role=\"img\" xmlns=\"http:\/\/www.w3.org\/2000\/svg\" viewBox=\"0 0 576 512\"><path fill=\"currentColor\" d=\"M259 18l-65 132-146 22c-26 3-37 36-18 54l106 103-25 146c-5 26 23 46 46 33l131-68 131 68c23 13 51-7 46-33l-25-146 106-103c19-18 8-51-18-54l-146-22-65-132a32 32 0 00-58 0z\"\/><\/svg><\/label><label><input aria-label=\"3\" type=\"radio\" name=\"kc_captcha\" value=\"bot\" \/><svg aria-hidden=\"true\" role=\"img\" xmlns=\"http:\/\/www.w3.org\/2000\/svg\" viewBox=\"0 0 384 512\"><path fill=\"currentColor\" d=\"M377 375l-83-87h34c21 0 32-25 17-40l-82-88h33c21 0 32-25 18-40L210 8c-10-11-26-11-36 0L70 120c-14 15-3 40 18 40h33l-82 88c-15 15-4 40 17 40h34L7 375c-15 16-4 41 17 41h120c0 33-11 49-34 68-12 9-5 28 10 28h144c15 0 22-19 10-28-20-16-34-32-34-68h120c21 0 32-25 17-41z\"\/><\/svg><\/label>\r\n    <\/span>\r\n    <span style=\"display:none\">\r\n        <input type=\"text\" name=\"kc_honeypot\">\r\n    <\/span><\/span><\/span>\n<\/p>\n<p><input class=\"wpcf7-form-control wpcf7-submit has-spinner\" type=\"submit\" value=\"Senden\" \/>\n<\/p><p style=\"display: none !important;\" class=\"akismet-fields-container\" data-prefix=\"_wpcf7_ak_\"><label>&#916;<textarea name=\"_wpcf7_ak_hp_textarea\" cols=\"45\" rows=\"8\" maxlength=\"100\"><\/textarea><\/label><input type=\"hidden\" id=\"ak_js_1\" name=\"_wpcf7_ak_js\" value=\"127\"\/><script type=\"text\/javascript\">\n\/* <![CDATA[ *\/\ndocument.getElementById( \"ak_js_1\" ).setAttribute( \"value\", ( new Date() ).getTime() );\n\/* ]]> *\/\n<\/script>\n<\/p><div class=\"wpcf7-response-output\" aria-hidden=\"true\"><\/div>\n<\/form>\n<\/div>\n\n","protected":false},"excerpt":{"rendered":"<p>Seit\u00a0 drei Generationen echte Gastfreundschaft F\u00fcr Anfragen und Ausk\u00fcnfte sind wir gerne f\u00fcr Sie da und freuen uns mit unserem Speer Team zusammen, Sie kulinarisch verw\u00f6hnen zu d\u00fcrfen. Bruno, Susan und Olivia Hinder Kontaktformular<\/p>\n","protected":false},"author":1,"featured_media":0,"parent":0,"menu_order":4,"comment_status":"closed","ping_status":"closed","template":"","meta":{"footnotes":""},"class_list":["post-20","page","type-page","status-publish","hentry"],"jetpack_sharing_enabled":true,"_links":{"self":[{"href":"https:\/\/www.speer-kaltbrunn.ch\/index.php\/wp-json\/wp\/v2\/pages\/20","targetHints":{"allow":["GET"]}}],"collection":[{"href":"https:\/\/www.speer-kaltbrunn.ch\/index.php\/wp-json\/wp\/v2\/pages"}],"about":[{"href":"https:\/\/www.speer-kaltbrunn.ch\/index.php\/wp-json\/wp\/v2\/types\/page"}],"author":[{"embeddable":true,"href":"https:\/\/www.speer-kaltbrunn.ch\/index.php\/wp-json\/wp\/v2\/users\/1"}],"replies":[{"embeddable":true,"href":"https:\/\/www.speer-kaltbrunn.ch\/index.php\/wp-json\/wp\/v2\/comments?post=20"}],"version-history":[{"count":31,"href":"https:\/\/www.speer-kaltbrunn.ch\/index.php\/wp-json\/wp\/v2\/pages\/20\/revisions"}],"predecessor-version":[{"id":3995,"href":"https:\/\/www.speer-kaltbrunn.ch\/index.php\/wp-json\/wp\/v2\/pages\/20\/revisions\/3995"}],"wp:attachment":[{"href":"https:\/\/www.speer-kaltbrunn.ch\/index.php\/wp-json\/wp\/v2\/media?parent=20"}],"curies":[{"name":"wp","href":"https:\/\/api.w.org\/{rel}","templated":true}]}}